{"id":18,"date":"2022-08-14T13:38:17","date_gmt":"2022-08-14T16:38:17","guid":{"rendered":"https:\/\/magicbyte.tec.br\/?page_id=18"},"modified":"2022-08-14T13:38:17","modified_gmt":"2022-08-14T16:38:17","slug":"um-pouco-sobre-consciencia","status":"publish","type":"page","link":"https:\/\/magicbyte.tec.br\/index.php\/um-pouco-sobre-consciencia\/","title":{"rendered":"Um pouco sobre consci\u00eancia"},"content":{"rendered":"\n<p>Os m\u00e9todos de estudo que utilizo.<\/p>\n\n\n\n<h1 class=\"wp-block-heading\">A consci\u00eancia.<\/h1>\n\n\n\n<p>Em uma primeira etapa no ensino, ap\u00f3s um bom tepmo como educador, observei alguns fatos, que ajudam no aprendizado.<\/p>\n\n\n\n<p>Com algum conhecimento e pr\u00e1tica em sala de aula, formei um m\u00e9todo de estudos muito eficiente.<\/p>\n\n\n\n<p>Temos tr\u00eas etapas a serem cumpridas.<\/p>\n\n\n\n<p>Um de meus objetivos, \u00e9 a forma\u00e7\u00e3o de profissionais e operadores de sistemas computacionais, capazes de apresentarem seus talentos.<\/p>\n\n\n\n<p>Isso fazendo o aprendizado, um gesto de liberdade.<\/p>\n\n\n\n<h2 class=\"wp-block-heading\">Ci\u00eancia.<\/h2>\n\n\n\n<p>A ci\u00eancia dos fatos, \u00e9 o momento onde tornamos o aluno capaz de definir e saber o que est\u00e1 representado no tema.<\/p>\n\n\n\n<p>Nessa etapa do aprendizado, se faz necess\u00e1rio um conhecimento claro sobre:<\/p>\n\n\n\n<p>O objeto ou foco do estudo, dando clareza sobre os aspectos do mesmo.<\/p>\n\n\n\n<ul class=\"wp-block-list\"><li>Conceito.<\/li><\/ul>\n\n\n\n<blockquote class=\"wp-block-quote is-layout-flow wp-block-quote-is-layout-flow\"><p>O que pode ser entendido como &#8220;o que?&#8221; sobre o objeto de estudo\/pesquisa.<\/p><\/blockquote>\n\n\n\n<ul class=\"wp-block-list\"><li>Descri\u00e7\u00e3o.<\/li><\/ul>\n\n\n\n<blockquote class=\"wp-block-quote is-layout-flow wp-block-quote-is-layout-flow\"><p>Como e quais as caracter\u00edsticas que observamos no objeto de estudo\/pesquisa.<\/p><\/blockquote>\n\n\n\n<ul class=\"wp-block-list\"><li>Defini\u00e7\u00e3o.<\/li><\/ul>\n\n\n\n<blockquote class=\"wp-block-quote is-layout-flow wp-block-quote-is-layout-flow\"><p>Como pode ser usado e quais os m\u00e9todos e t\u00e9cnicas poss\u00edveis a aplica\u00e7\u00e3o pr\u00e1tica do objeto de estudo\/pesquisa.<\/p><\/blockquote>\n\n\n\n<h2 class=\"wp-block-heading\">Consci\u00eancia.<\/h2>\n\n\n\n<p>A consci\u00eancia por sua vez se faz em um segundo momento do aprendizado, onde o educando tem o entendimento.<\/p>\n\n\n\n<p>Esse momento permite ao aluno saber &#8220;como&#8221;, sendo n\u00e3o submetido a um molde para a realiza\u00e7ao da tarefa de modo mec\u00e2nico.<\/p>\n\n\n\n<p>A consci\u00eancia, rtaz a rela\u00e7\u00e3o entre liberdade e responsbilidade.<\/p>\n\n\n\n<p>A responsabilidade, faz o educando em termos profissionais, a desenvolver sua capacidade de cr\u00edtia e \u00e9tica.<\/p>\n\n\n\n<p>Ao ter sua consci\u00eancia sobre o tema que acaba de aprender ele pode dar um formato pr\u00f3prio a seu modo de agir. Isso sem prejudicar ou causar desentendimentos.<\/p>\n\n\n\n<p>Posso citar como um exemplo bem simples, o pr\u00f3rpio advento do conhecimento do fogo.<\/p>\n\n\n\n<p>Uma vez que o educando tem a ci\u00eancia ao ver o fogo, ele adota esse modelo de imagem como refer\u00eancia.<\/p>\n\n\n\n<p>Em seguida ele obeserva os fatores de luz e calor.<\/p>\n\n\n\n<p>Essas caracter\u00edsticas do foro, ou seja nosso obejto de estudo nesse exemplo. e tem a ci\u00eancia do que \u00e9 o fogo.<\/p>\n\n\n\n<p>J\u00e1 a sua forma de consci\u00eancia se faz ao momento em que ele percebe que pode se ferir com o uso inadequado do fogo, ou pode se beneficiar com o fogo em aplica\u00e7\u00f5es pr\u00e1ticas.<\/p>\n\n\n\n<p>No seu terceiro momento o gesto da profici\u00eancia far\u00e1 com que o educando saiba como se portar e controlar o fogo.<\/p>\n\n\n\n<h2 class=\"wp-block-heading\">Profici\u00eancia.<\/h2>\n\n\n\n<p>Ap\u00f3s as etapas anteriores, tendo a ci\u00eancia a a consci\u00eancia, o educando ser\u00e1 capaz de criar sua forma para a realiza\u00e7\u00e3o das tarefas.<\/p>\n\n\n\n<p>Sendo assim cada aluno ter\u00e1 a liberdade de efetuar a an\u00e1lise das necessidades e a melhor forma de desempenhar suas tarefas.<\/p>\n\n\n\n<hr class=\"wp-block-separator has-alpha-channel-opacity\"\/>\n","protected":false},"excerpt":{"rendered":"<p>Os m\u00e9todos de estudo que utilizo. A consci\u00eancia. Em uma primeira etapa no ensino, ap\u00f3s um bom tepmo como educador, observei alguns fatos, que ajudam &hellip;<\/p>\n","protected":false},"author":1,"featured_media":0,"parent":0,"menu_order":0,"comment_status":"closed","ping_status":"closed","template":"","meta":{"footnotes":""},"class_list":["post-18","page","type-page","status-publish","hentry"],"_links":{"self":[{"href":"https:\/\/magicbyte.tec.br\/index.php\/wp-json\/wp\/v2\/pages\/18","targetHints":{"allow":["GET"]}}],"collection":[{"href":"https:\/\/magicbyte.tec.br\/index.php\/wp-json\/wp\/v2\/pages"}],"about":[{"href":"https:\/\/magicbyte.tec.br\/index.php\/wp-json\/wp\/v2\/types\/page"}],"author":[{"embeddable":true,"href":"https:\/\/magicbyte.tec.br\/index.php\/wp-json\/wp\/v2\/users\/1"}],"replies":[{"embeddable":true,"href":"https:\/\/magicbyte.tec.br\/index.php\/wp-json\/wp\/v2\/comments?post=18"}],"version-history":[{"count":1,"href":"https:\/\/magicbyte.tec.br\/index.php\/wp-json\/wp\/v2\/pages\/18\/revisions"}],"predecessor-version":[{"id":19,"href":"https:\/\/magicbyte.tec.br\/index.php\/wp-json\/wp\/v2\/pages\/18\/revisions\/19"}],"wp:attachment":[{"href":"https:\/\/magicbyte.tec.br\/index.php\/wp-json\/wp\/v2\/media?parent=18"}],"curies":[{"name":"wp","href":"https:\/\/api.w.org\/{rel}","templated":true}]}}