{"id":2,"date":"2022-08-09T14:13:20","date_gmt":"2022-08-09T17:13:20","guid":{"rendered":"https:\/\/magicbyte.tec.br\/?page_id=2"},"modified":"2023-07-06T10:10:24","modified_gmt":"2023-07-06T13:10:24","slug":"magic-byte","status":"publish","type":"page","link":"https:\/\/magicbyte.tec.br\/index.php\/magic-byte\/","title":{"rendered":"Bem vindo ao byte m\u00e1gico."},"content":{"rendered":"\n<p>Bem vindo amigo, aqui tenho a inten\u00e7\u00e3o de mostrar e divulgar muitos de meus estudos e pesquisas nas \u00e1reas de ci\u00eancias humanas e exatas.<\/p>\n\n\n\n<p>Amigos, minha hist\u00f3ria parece fic\u00e7\u00e3o, mas isso n\u00e3o vem ao caso no momento.<\/p>\n\n\n\n<p>H\u00e1 uns 23(vinte e tr\u00eas) anos optei por morar em S\u00e3o Louren\u00e7o, no sul de Minas Gerais.<\/p>\n\n\n\n<p>Aqui fiz muitos amigos e como forma de gratid\u00e3o elaborei uma pequena amostra do que temos de gostoso <a href=\"https:asl-br.com\/TMB\/\">aqui<\/a>.<\/p>\n\n\n\n<p>Sou educador desde bem jovem, realizei alguns cursos nas \u00e1reas de ci\u00eancias humanas, com direcionamento em educa\u00e7\u00e3o.<\/p>\n\n\n\n<p>Minha proposta com o site e servi\u00e7os magicbyte esta voltada para tornar acess\u00edvel a informa\u00e7\u00e3o sobre constru\u00e7\u00e3o de sistemas, aplica\u00e7\u00f5es, utilit\u00e1rios e servi\u00e7os de rede.<\/p>\n\n\n\n<p><\/p>\n\n\n\n<p>Nesse dom\u00ednio, temos um servi\u00e7o de buscas, como um crawler, usando um conjunto de softwares livres.<\/p>\n\n\n\n<p>Tamb\u00e9m tenho o objetivo de dividir com voc\u00ea amigo visitante, minhas experi\u00eancias com tecnologia e educa\u00e7\u00e3o.<\/p>\n\n\n\n<p><\/p>\n\n\n\n<p>Nosso link para o motor de buscas \u00e9:<a href=\"http:\/\/magicbyte.tec.br:8888\/\">Motor de buscas!<\/a><\/p>\n\n\n\n<p><a src=\"http:\/\/magicbyte.tec.br:8888\/\" magicbyte=\"\" buscas.<=\"\" a=\"\"><\/a><\/p>\n\n\n\n<p><\/p>\n","protected":false},"excerpt":{"rendered":"<p>Bem vindo amigo, aqui tenho a inten\u00e7\u00e3o de mostrar e divulgar muitos de meus estudos e pesquisas nas \u00e1reas de ci\u00eancias humanas e exatas. Amigos, &hellip;<\/p>\n","protected":false},"author":1,"featured_media":0,"parent":0,"menu_order":0,"comment_status":"closed","ping_status":"closed","template":"","meta":{"footnotes":""},"class_list":["post-2","page","type-page","status-publish","hentry"],"_links":{"self":[{"href":"https:\/\/magicbyte.tec.br\/index.php\/wp-json\/wp\/v2\/pages\/2","targetHints":{"allow":["GET"]}}],"collection":[{"href":"https:\/\/magicbyte.tec.br\/index.php\/wp-json\/wp\/v2\/pages"}],"about":[{"href":"https:\/\/magicbyte.tec.br\/index.php\/wp-json\/wp\/v2\/types\/page"}],"author":[{"embeddable":true,"href":"https:\/\/magicbyte.tec.br\/index.php\/wp-json\/wp\/v2\/users\/1"}],"replies":[{"embeddable":true,"href":"https:\/\/magicbyte.tec.br\/index.php\/wp-json\/wp\/v2\/comments?post=2"}],"version-history":[{"count":6,"href":"https:\/\/magicbyte.tec.br\/index.php\/wp-json\/wp\/v2\/pages\/2\/revisions"}],"predecessor-version":[{"id":114,"href":"https:\/\/magicbyte.tec.br\/index.php\/wp-json\/wp\/v2\/pages\/2\/revisions\/114"}],"wp:attachment":[{"href":"https:\/\/magicbyte.tec.br\/index.php\/wp-json\/wp\/v2\/media?parent=2"}],"curies":[{"name":"wp","href":"https:\/\/api.w.org\/{rel}","templated":true}]}}