{"id":23,"date":"2022-08-20T11:15:25","date_gmt":"2022-08-20T14:15:25","guid":{"rendered":"https:\/\/magicbyte.tec.br\/?page_id=23"},"modified":"2022-08-20T11:15:25","modified_gmt":"2022-08-20T14:15:25","slug":"nossos-servicos","status":"publish","type":"page","link":"https:\/\/magicbyte.tec.br\/index.php\/nossos-servicos\/","title":{"rendered":"Nossos servi\u00e7os."},"content":{"rendered":"\n<h1 class=\"wp-block-heading\">Magicbyte.<\/h1>\n\n\n\n<p><strong>S\u00e3o Louren\u00e7o &#8211; MG.<\/strong><\/p>\n\n\n\n<p>(035) 9853-7574.<\/p>\n\n\n\n<blockquote class=\"wp-block-quote is-layout-flow wp-block-quote-is-layout-flow\"><p>M\u00f4nica.<\/p><\/blockquote>\n\n\n\n<h2 class=\"wp-block-heading\">Valores e descri\u00e7\u00f5es.<\/h2>\n\n\n\n<h2 class=\"wp-block-heading\">Automa\u00e7\u00e3o comercial.<\/h2>\n\n\n\n<ul class=\"wp-block-list\"><li>Servidores.<\/li><li>LAN.<\/li><\/ul>\n\n\n\n<blockquote class=\"wp-block-quote is-layout-flow wp-block-quote-is-layout-flow\"><p>Administra\u00e7\u00e3o, desenvolvimento e suporte.<\/p><\/blockquote>\n\n\n\n<p>Administra\u00e7\u00e3o, rede local.<\/p>\n\n\n\n<ul class=\"wp-block-list\"><li>WAN.<\/li><\/ul>\n\n\n\n<blockquote class=\"wp-block-quote is-layout-flow wp-block-quote-is-layout-flow\"><p>Administra\u00e7\u00e3o, datacenter.<\/p><\/blockquote>\n\n\n\n<ul class=\"wp-block-list\"><li>B\u00e1sico: R$ 378,25.<\/li><\/ul>\n\n\n\n<p><strong>Desenvolvimento:<\/strong> 8 hs\/mensais.<\/p>\n\n\n\n<p><strong>Suporte:<\/strong> 3hs\/semanais<\/p>\n\n\n\n<p>Servi\u00e7os.<\/p>\n\n\n\n<ul class=\"wp-block-list\"><li>Completo: 757,50.<\/li><\/ul>\n\n\n\n<p><strong>Desenvolvimento:<\/strong> 12 hs\/mensais.<\/p>\n\n\n\n<p><strong>Suporte:<\/strong> 6hs\/semanais<\/p>\n\n\n\n<p>Adicionais:<\/p>\n\n\n\n<ul class=\"wp-block-list\"><li>Suporte:<\/li><\/ul>\n\n\n\n<p>24 R$ (hora).<\/p>\n\n\n\n<ul class=\"wp-block-list\"><li>Desenvolvimento:<\/li><\/ul>\n\n\n\n<p>64 R$ (hora).<\/p>\n\n\n\n<hr class=\"wp-block-separator has-alpha-channel-opacity\"\/>\n\n\n\n<h2 class=\"wp-block-heading\">Infraestrutura.<\/h2>\n\n\n\n<p><strong>LAN.<\/strong><\/p>\n\n\n\n<p><strong>Terminais.<\/strong><\/p>\n\n\n\n<p>_ PC.<\/p>\n\n\n\n<ul class=\"wp-block-list\"><li>amd64.<\/li><li>arm.<\/li><li>arm64.<\/li><\/ul>\n\n\n\n<p><strong>Acesso LOCAL\/Remoto.<\/strong><\/p>\n\n\n\n<p><strong>Desktops.<\/strong><\/p>\n","protected":false},"excerpt":{"rendered":"<p>Magicbyte. S\u00e3o Louren\u00e7o &#8211; MG. (035) 9853-7574. M\u00f4nica. Valores e descri\u00e7\u00f5es. Automa\u00e7\u00e3o comercial. Servidores. LAN. Administra\u00e7\u00e3o, desenvolvimento e suporte. Administra\u00e7\u00e3o, rede local. WAN. Administra\u00e7\u00e3o, datacenter. &hellip;<\/p>\n","protected":false},"author":1,"featured_media":0,"parent":0,"menu_order":0,"comment_status":"closed","ping_status":"closed","template":"","meta":{"footnotes":""},"class_list":["post-23","page","type-page","status-publish","hentry"],"_links":{"self":[{"href":"https:\/\/magicbyte.tec.br\/index.php\/wp-json\/wp\/v2\/pages\/23","targetHints":{"allow":["GET"]}}],"collection":[{"href":"https:\/\/magicbyte.tec.br\/index.php\/wp-json\/wp\/v2\/pages"}],"about":[{"href":"https:\/\/magicbyte.tec.br\/index.php\/wp-json\/wp\/v2\/types\/page"}],"author":[{"embeddable":true,"href":"https:\/\/magicbyte.tec.br\/index.php\/wp-json\/wp\/v2\/users\/1"}],"replies":[{"embeddable":true,"href":"https:\/\/magicbyte.tec.br\/index.php\/wp-json\/wp\/v2\/comments?post=23"}],"version-history":[{"count":1,"href":"https:\/\/magicbyte.tec.br\/index.php\/wp-json\/wp\/v2\/pages\/23\/revisions"}],"predecessor-version":[{"id":24,"href":"https:\/\/magicbyte.tec.br\/index.php\/wp-json\/wp\/v2\/pages\/23\/revisions\/24"}],"wp:attachment":[{"href":"https:\/\/magicbyte.tec.br\/index.php\/wp-json\/wp\/v2\/media?parent=23"}],"curies":[{"name":"wp","href":"https:\/\/api.w.org\/{rel}","templated":true}]}}