{"id":26,"date":"2022-09-07T11:24:22","date_gmt":"2022-09-07T14:24:22","guid":{"rendered":"https:\/\/magicbyte.tec.br\/?page_id=26"},"modified":"2023-07-06T10:20:13","modified_gmt":"2023-07-06T13:20:13","slug":"alguns-de-nossos-softwares-projetos","status":"publish","type":"page","link":"https:\/\/magicbyte.tec.br\/index.php\/alguns-de-nossos-softwares-projetos\/","title":{"rendered":"Alguns de nossos softwares\/projetos."},"content":{"rendered":"\n<p>Amigos, optei por morar no interior, por v\u00e1rios motivos, minha vida \u00e9 um pouco fora do normal, conhe\u00e7a <a href=\"https:\/\/asl-br.com\/TMB\">S\u00e3o Louren\u00e7o.<\/a><\/p>\n\n\n\n<p>Nosso ideal \u00e9 atuar com tecnologia livre de uma forma inovadora.<\/p>\n\n\n\n<p>Temos algumas colabora\u00e7\u00f5es na tentativa de difundir cultura e conhecimento aplicado a diversas \u00e1reas da atividade humana.<\/p>\n\n\n\n<p>Isso com foco aberto e dando prioridade ao bom uso da tecnologia.<\/p>\n\n\n\n<p>Uma das \u00e1reas \u00e9 a atividade econ\u00f4mica, comercial em v\u00e1rios aspectos.<\/p>\n\n\n\n<p><\/p>\n\n\n\n<p>Em um primeiro momento temos um simples sistema(conjunto de aplica\u00e7\u00f5es para automa\u00e7\u00e3o de um ambiente como restaurante e lanchonete.<\/p>\n\n\n\n<p><\/p>\n\n\n\n<p>O bagels(pa\u00e7oquinha).<\/p>\n\n\n\n<p>Outra \u00e9 o \u00e2mbito de artes, como desenho, pintura, m\u00fasica e diversas outras formas de express\u00e3o art\u00edstica.<\/p>\n\n\n\n<p><\/p>\n","protected":false},"excerpt":{"rendered":"<p>Amigos, optei por morar no interior, por v\u00e1rios motivos, minha vida \u00e9 um pouco fora do normal, conhe\u00e7a S\u00e3o Louren\u00e7o. Nosso ideal \u00e9 atuar com &hellip;<\/p>\n","protected":false},"author":1,"featured_media":0,"parent":0,"menu_order":0,"comment_status":"closed","ping_status":"closed","template":"","meta":{"footnotes":""},"class_list":["post-26","page","type-page","status-publish","hentry"],"_links":{"self":[{"href":"https:\/\/magicbyte.tec.br\/index.php\/wp-json\/wp\/v2\/pages\/26","targetHints":{"allow":["GET"]}}],"collection":[{"href":"https:\/\/magicbyte.tec.br\/index.php\/wp-json\/wp\/v2\/pages"}],"about":[{"href":"https:\/\/magicbyte.tec.br\/index.php\/wp-json\/wp\/v2\/types\/page"}],"author":[{"embeddable":true,"href":"https:\/\/magicbyte.tec.br\/index.php\/wp-json\/wp\/v2\/users\/1"}],"replies":[{"embeddable":true,"href":"https:\/\/magicbyte.tec.br\/index.php\/wp-json\/wp\/v2\/comments?post=26"}],"version-history":[{"count":3,"href":"https:\/\/magicbyte.tec.br\/index.php\/wp-json\/wp\/v2\/pages\/26\/revisions"}],"predecessor-version":[{"id":117,"href":"https:\/\/magicbyte.tec.br\/index.php\/wp-json\/wp\/v2\/pages\/26\/revisions\/117"}],"wp:attachment":[{"href":"https:\/\/magicbyte.tec.br\/index.php\/wp-json\/wp\/v2\/media?parent=26"}],"curies":[{"name":"wp","href":"https:\/\/api.w.org\/{rel}","templated":true}]}}