{"id":307,"date":"2025-12-19T18:18:16","date_gmt":"2025-12-19T21:18:16","guid":{"rendered":"https:\/\/magicbyte.tec.br\/?page_id=307"},"modified":"2025-12-20T16:45:46","modified_gmt":"2025-12-20T19:45:46","slug":"yupiiii-vamos-pesquisar","status":"publish","type":"page","link":"https:\/\/magicbyte.tec.br\/index.php\/yupiiii-vamos-pesquisar\/","title":{"rendered":"Eureka! (vamos pesquisar.)"},"content":{"rendered":"\n<p>Para aqueles aventureiros das madrugadas em terminais de computador, temos alguns projeots bacanas.<\/p>\n\n\n\n<p><\/p>\n\n\n\n<p>Por exemplo, ao inv\u00e9s de recriar uma search engine por que n\u00e3o utilizar uma compat\u00edvel com as que j\u00e1 existem e s\u00e3o usadas, por todas as grandesc ompanhias de forma livre por\u00e9m transformando seus resultados em cifras.<\/p>\n\n\n\n<details class=\"wp-block-details is-layout-flow wp-block-details-is-layout-flow\"><summary><\/summary>\n<figure class=\"wp-block-image size-full is-style-default\"><a href=\"http:\/\/eureka.magicbyte.tec.br\"><img loading=\"lazy\" decoding=\"async\" width=\"723\" height=\"460\" src=\"https:\/\/magicbyte.tec.br\/wp-content\/uploads\/2025\/12\/searx_logo.png\" alt=\"\" class=\"wp-image-310\" srcset=\"https:\/\/magicbyte.tec.br\/wp-content\/uploads\/2025\/12\/searx_logo.png 723w, https:\/\/magicbyte.tec.br\/wp-content\/uploads\/2025\/12\/searx_logo-300x191.png 300w, https:\/\/magicbyte.tec.br\/wp-content\/uploads\/2025\/12\/searx_logo-421x268.png 421w\" sizes=\"auto, (max-width: 723px) 100vw, 723px\" \/><\/a><\/figure>\n<\/details>\n\n\n\n<p>Eu tamb\u00e9m elaborei um meta search engine, por\u00e9m aprimorei ele integrando-o ao searX.<\/p>\n\n\n\n<p><\/p>\n\n\n\n<p>Assim surgiu a id\u00e9ia do eureka.<\/p>\n\n\n\n<p>Imaginei &#8220;eureka&#8221; um nome f\u00e1cil e bem humorado.<\/p>\n\n\n\n<p><\/p>\n\n\n\n<p>Ent\u00e3 temos uma metacrawler.<\/p>\n\n\n\n<p>Totalmente dentro das conformidades de seguran\u00e7a e privacidade.<\/p>\n\n\n\n<p>Integrado com a amior parte das me engines&#8230;<\/p>\n\n\n\n<p><\/p>\n\n\n\n<p>Tamb\u00e9m contando com customiza\u00e7\u00e3o individual o que permite que a experi\u00eancia de cada usu\u00e1rio seja subjetiva.<\/p>\n\n\n\n<p><a href=\"http:\/\/eureka.magicbyte.tec.br\">Eureka nosso site de buscas.<\/a><\/p>\n\n\n\n<figure class=\"wp-block-image size-full\"><a href=\"http:\/\/eureka.magicbyte.tec.br\"><img loading=\"lazy\" decoding=\"async\" width=\"240\" height=\"153\" src=\"https:\/\/magicbyte.tec.br\/wp-content\/uploads\/2025\/12\/searx_l240.png\" alt=\"\" class=\"wp-image-320\"\/><\/a><\/figure>\n\n\n\n<p><\/p>\n","protected":false},"excerpt":{"rendered":"<p>Para aqueles aventureiros das madrugadas em terminais de computador, temos alguns projeots bacanas. Por exemplo, ao inv\u00e9s de recriar uma search engine por que n\u00e3o &hellip;<\/p>\n","protected":false},"author":1,"featured_media":0,"parent":0,"menu_order":0,"comment_status":"closed","ping_status":"closed","template":"","meta":{"footnotes":""},"class_list":["post-307","page","type-page","status-publish","hentry"],"_links":{"self":[{"href":"https:\/\/magicbyte.tec.br\/index.php\/wp-json\/wp\/v2\/pages\/307","targetHints":{"allow":["GET"]}}],"collection":[{"href":"https:\/\/magicbyte.tec.br\/index.php\/wp-json\/wp\/v2\/pages"}],"about":[{"href":"https:\/\/magicbyte.tec.br\/index.php\/wp-json\/wp\/v2\/types\/page"}],"author":[{"embeddable":true,"href":"https:\/\/magicbyte.tec.br\/index.php\/wp-json\/wp\/v2\/users\/1"}],"replies":[{"embeddable":true,"href":"https:\/\/magicbyte.tec.br\/index.php\/wp-json\/wp\/v2\/comments?post=307"}],"version-history":[{"count":5,"href":"https:\/\/magicbyte.tec.br\/index.php\/wp-json\/wp\/v2\/pages\/307\/revisions"}],"predecessor-version":[{"id":322,"href":"https:\/\/magicbyte.tec.br\/index.php\/wp-json\/wp\/v2\/pages\/307\/revisions\/322"}],"wp:attachment":[{"href":"https:\/\/magicbyte.tec.br\/index.php\/wp-json\/wp\/v2\/media?parent=307"}],"curies":[{"name":"wp","href":"https:\/\/api.w.org\/{rel}","templated":true}]}}