{"id":33,"date":"2022-10-02T06:59:12","date_gmt":"2022-10-02T09:59:12","guid":{"rendered":"https:\/\/magicbyte.tec.br\/?page_id=33"},"modified":"2022-10-02T08:14:22","modified_gmt":"2022-10-02T11:14:22","slug":"curso-de-capacitacao-em-ciencia-da-computacao","status":"publish","type":"page","link":"https:\/\/magicbyte.tec.br\/index.php\/curso-de-capacitacao-em-ciencia-da-computacao\/","title":{"rendered":"Curso de capacita\u00e7\u00e3o em ci\u00eancia da computa\u00e7\u00e3o."},"content":{"rendered":"\n<h2 class=\"wp-block-heading\">Nossa sala de aulas:<\/h2>\n\n\n\n<figure class=\"wp-block-image size-full\"><img loading=\"lazy\" decoding=\"async\" width=\"480\" height=\"640\" src=\"https:\/\/magicbyte.tec.br\/wp-content\/uploads\/2022\/10\/lab1.jpg.jpg\" alt=\"\" class=\"wp-image-37\"\/><figcaption>Sala de aulas presenciais, S\u00e3o Louren\u00e7o &#8211; MG.<\/figcaption><\/figure>\n\n\n\n<figure class=\"wp-block-image size-full\"><img loading=\"lazy\" decoding=\"async\" width=\"480\" height=\"640\" src=\"https:\/\/magicbyte.tec.br\/wp-content\/uploads\/2022\/10\/lab2.jpg\" alt=\"\" class=\"wp-image-38\"\/><figcaption>Sala de aulas presenciais, S\u00e3o Louren\u00e7o &#8211; MG.<\/figcaption><\/figure>\n\n\n\n<p><strong>Disciplinas:<\/strong><\/p>\n\n\n\n<ul class=\"wp-block-list\"><li>Matem\u00e1tica.<\/li><li>Eletricidade.<\/li><\/ul>\n\n\n\n<blockquote class=\"wp-block-quote is-layout-flow wp-block-quote-is-layout-flow\"><p>No\u00e7\u00f5es e princ\u00edpios:<\/p><p>Eletricidade;<\/p><p>Rede de transporte.<\/p><p>Cirtcuito.<\/p><p>Malhas.<\/p><p>Geradores\/transformadores.<\/p><p>Eletr\u00f4nica.<\/p><p>Princ\u00edpios b\u00e1sicos.<\/p><p>O anal\u00f3gico.<\/p><p>O digital.<\/p><p>Ciruito inpresso.<\/p><p>Semicondutores.<\/p><p>Transistoriza\u00e7\u00e3o.<\/p><p>Circuito integrado.<\/p><\/blockquote>\n\n\n\n<ul class=\"wp-block-list\"><li>Tecnologia da informa\u00e7\u00e3o.<\/li><\/ul>\n\n\n\n<blockquote class=\"wp-block-quote is-layout-flow wp-block-quote-is-layout-flow\"><p>Tarefas comuns, edi\u00e7\u00e3o de texto. C\u00e1lculos elementares, planilhas.<\/p><p>Opera\u00e7\u00e3o de ambientes de rede.<\/p><p>Servi\u00e7os em camada de aplica\u00e7\u00e3o.<\/p><p>Seguran\u00e7a digital.<\/p><\/blockquote>\n\n\n\n<ul class=\"wp-block-list\"><li>Sistemas operacionais.<\/li><\/ul>\n\n\n\n<p>Sistema usado:<\/p>\n\n\n\n<p><strong>Debian\/GNU<\/strong> Linux.<\/p>\n\n\n\n<blockquote class=\"wp-block-quote is-layout-flow wp-block-quote-is-layout-flow\"><p>Opera\u00e7\u00f5es de administra\u00e7\u00e3o de sistemas.<\/p><p>Gerenciamento de hardware.<\/p><p>Gerenciamento de sofwtare.<\/p><p>Administra\u00e7\u00e3o de usu\u00e1rios\/operadores.<\/p><p>Sistemas de arquivo.<\/p><p>No\u00e7\u00f5es de redes <strong>LAN\/WAN.<\/strong><\/p><\/blockquote>\n\n\n\n<p><strong>Valor do curso:<\/strong><\/p>\n\n\n\n<blockquote class=\"wp-block-quote is-layout-flow wp-block-quote-is-layout-flow\"><p>R$ 360,00<\/p><p>parcelado no cart\u00e3o.<\/p><p>Comiss\u00e3o: R$ 54,00.<\/p><\/blockquote>\n\n\n\n<hr class=\"wp-block-separator has-alpha-channel-opacity\"\/>\n\n\n\n<blockquote class=\"wp-block-quote is-layout-flow wp-block-quote-is-layout-flow\"><p><strong>Todo material incluso.<\/strong><\/p><p>iso\/pendrive &#8211; <strong>boot live<\/strong>(white-new).<\/p><p>Suporte online(chat).<\/p><p><strong>irc.debian.org cap-cc<\/strong><\/p><p>total vagas: 24.<\/p><p>Turmas: 8.<\/p><p>Alunos por turma: 3.<\/p><\/blockquote>\n\n\n\n<p><strong>Dias\/hor\u00e1rios:<\/strong><\/p>\n\n\n\n<p>Seg\/Qua.<\/p>\n\n\n\n<p>8:30\/10:00.<\/p>\n\n\n\n<p>13:00\/14:30.<\/p>\n\n\n\n<p>15:00\/16:30.<\/p>\n\n\n\n<p>17:00\/18:30.<\/p>\n\n\n\n<hr class=\"wp-block-separator has-alpha-channel-opacity\"\/>\n\n\n\n<p>Ter\/Qui.<\/p>\n\n\n\n<p>8:30\/10:00.<\/p>\n\n\n\n<p>13:00\/14:30.<\/p>\n\n\n\n<p>15:00\/16:30.<\/p>\n\n\n\n<p>17:00\/18:30.<\/p>\n\n\n\n<hr class=\"wp-block-separator has-alpha-channel-opacity\"\/>\n\n\n\n<blockquote class=\"wp-block-quote is-layout-flow wp-block-quote-is-layout-flow\"><p>Dura\u00e7\u00e3o.<\/p><p>3 meses.<\/p><\/blockquote>\n","protected":false},"excerpt":{"rendered":"<p>Nossa sala de aulas: Disciplinas: Matem\u00e1tica. Eletricidade. No\u00e7\u00f5es e princ\u00edpios: Eletricidade; Rede de transporte. Cirtcuito. Malhas. Geradores\/transformadores. Eletr\u00f4nica. Princ\u00edpios b\u00e1sicos. O anal\u00f3gico. O digital. Ciruito &hellip;<\/p>\n","protected":false},"author":1,"featured_media":0,"parent":0,"menu_order":0,"comment_status":"closed","ping_status":"closed","template":"","meta":{"footnotes":""},"class_list":["post-33","page","type-page","status-publish","hentry"],"_links":{"self":[{"href":"https:\/\/magicbyte.tec.br\/index.php\/wp-json\/wp\/v2\/pages\/33","targetHints":{"allow":["GET"]}}],"collection":[{"href":"https:\/\/magicbyte.tec.br\/index.php\/wp-json\/wp\/v2\/pages"}],"about":[{"href":"https:\/\/magicbyte.tec.br\/index.php\/wp-json\/wp\/v2\/types\/page"}],"author":[{"embeddable":true,"href":"https:\/\/magicbyte.tec.br\/index.php\/wp-json\/wp\/v2\/users\/1"}],"replies":[{"embeddable":true,"href":"https:\/\/magicbyte.tec.br\/index.php\/wp-json\/wp\/v2\/comments?post=33"}],"version-history":[{"count":4,"href":"https:\/\/magicbyte.tec.br\/index.php\/wp-json\/wp\/v2\/pages\/33\/revisions"}],"predecessor-version":[{"id":40,"href":"https:\/\/magicbyte.tec.br\/index.php\/wp-json\/wp\/v2\/pages\/33\/revisions\/40"}],"wp:attachment":[{"href":"https:\/\/magicbyte.tec.br\/index.php\/wp-json\/wp\/v2\/media?parent=33"}],"curies":[{"name":"wp","href":"https:\/\/api.w.org\/{rel}","templated":true}]}}