{"id":69,"date":"2022-11-19T10:32:17","date_gmt":"2022-11-19T13:32:17","guid":{"rendered":"https:\/\/magicbyte.tec.br\/?page_id=69"},"modified":"2023-07-06T10:22:13","modified_gmt":"2023-07-06T13:22:13","slug":"nosso-idealizador","status":"publish","type":"page","link":"https:\/\/magicbyte.tec.br\/index.php\/nosso-idealizador\/","title":{"rendered":"Nosso idealizador."},"content":{"rendered":"\n<p>Leonardo de Ara\u00fajo Lima(Linux77)<\/p>\n\n\n\n<h1 class=\"wp-block-heading\">Um estudante.<\/h1>\n\n\n\n<p>Ol\u00e1 amigo(s), para aqueles que me conhecem e acompanham, sabem que tenho um jeito extrovertido e bem sincero, com minhas convic\u00e7\u00f5es e pensamentos.<\/p>\n\n\n\n<p>Amigos, sou natural do Rio de Janeiro, mas h\u00e1 mais de vinte anos moro em <a href=\"https:\/\/asl-br.com\/TMB\">S\u00e3o Louren\u00e7o.<\/a><\/p>\n\n\n\n<p>Tnho alguns talentos e aptid\u00f5es variados, sendo em alguns casos caracterizado como capaz de associar informa\u00e7\u00f5es entre exatas e humanas com habilidade fora do comum.<\/p>\n\n\n\n<p>Desde bem jovem me dedico a estudos independentes onde no meu tempo de menino n\u00e3o era t\u00e3o acess\u00edvel conte\u00fados pois n\u00e3o havia grande contato nem apresenta\u00e7\u00e3o de conte\u00fados em ambientes como a internet. Ou seja o auto didata tinha que gostar de ler, em livros impress\u00f5es e direcionar seus estudos por si. Lembro bem de muitas vezes em bibliotecas, algumas bem simples na casa de parentes, onde passava horas estudando lendo, fazendo anota\u00e7\u00f5es e reflex\u00f5es. Muitas vezes durante grande parte da inf\u00e2ncia e adolesc\u00eancia era muito dif\u00edcil ter com quem conversar, pois muitos dos colegas, crian\u00e7as e jovens n\u00e3o apresentavam interesses comuns.<\/p>\n\n\n\n<p>Um fato interessante \u00e9 que n\u00e3o havia um direcionamento do pensamento t\u00e3o forte e uma ideologia de massa aplicada ao direcionamento dos conte\u00fados a serem estudados.<\/p>\n\n\n\n<p>Dese jovem apaixonado por \u00e1reas distintas e diversas tanto em ci\u00eancias humanas como exatas.<\/p>\n\n\n\n<p>Sob influ\u00eancia do ambiente familiar, surgiu uma curiosidade muito grande por eletr\u00f4nica e telecomunica\u00e7\u00f5es.<\/p>\n\n\n\n<p>Tendo contato com componentes de eletr\u00f4nica e sistemas de r\u00e1dio, meu aprendizado teve uma base s\u00f3lida.<\/p>\n\n\n\n<p>Dese memnino consegui ter contato com microcomputadores, ainda bem rudimentares, anteriores a pr\u00f3pria arquitetura IBM PC\/AT.<\/p>\n\n\n\n<p>Iniciai minha paix\u00e3o por programa\u00e7\u00e3o antes mesmo de ter contato com um &#8220;dito&#8221; sistema operacional. Ainda na fase dos computadores de 8bits.<br>Sempre acompanhando dentro de minhas possibilidades a evolu\u00e7\u00e3o e mantendo a paix\u00e3o por tecnologia, fui desenvolvendo meus estudos de forma independente, relacionando aos impactos e efeitos no ambiente social.<\/p>\n\n\n\n<p>Paralelo a isso tamb\u00e9m mantive minha paix\u00e3o por desenho, pintura e m\u00fasica, atividades que sempre estudei tamb\u00e9m de forma independente.<\/p>\n\n\n\n<p>Um pouco maior optei pelo curso de ensino m\u00e9dio t\u00e9cnico em magist\u00e9rio, onde obtive sucesso em minha forma\u00e7\u00e3o e iniciei minhas atividades como educador.<\/p>\n\n\n\n<p>Pouco depois ainda com paix\u00e3o por tecnologia, fiz outro curso t\u00e9cnico tamb\u00e9m de n\u00edvel m\u00e9dio na \u00e1reas de automa\u00e7\u00e3o industrial.<\/p>\n\n\n\n<p>Ap\u00f3s essa forma\u00e7\u00e3o de ensino m\u00e9dio\/t\u00e9cnico, ingressei no curso superior de estudos sociais e ap\u00f3s sua conclus\u00e3o me especializei em hist\u00f3ria, sendo assim professor de ensino fundamental e m\u00e9dio.<\/p>\n\n\n\n<p>Com minhas aptid\u00f5es e estudos nas \u00e1reas de m\u00fasica e desenho associei essas capacidades, ao conhecimento na \u00e1rea de tecnologia.<\/p>\n\n\n\n<p>Juntamente com minha forma\u00e7\u00e3o na \u00e1rea de automa\u00e7\u00e3o industrial comecei a elaborar cursos t\u00e9cnicos na \u00e1rea de computa\u00e7\u00e3o e inform\u00e1tica, \u00e1reas que vejo distintas devido ao foco\/objeto de estudo e direcionamento do profissional.<\/p>\n\n\n\n<p>Desde 1996 onde j\u00e1 havia conclu\u00eddo meus cursos de ensino m\u00e9dio tive curiosidade e iniciei meus estudos e uso de sistemas <strong>Linux<\/strong>, um pouco depois me apaixonei tamb\u00e9m pelo n\u00facleo *<em>BSD<\/em>.*<\/p>\n\n\n\n<p>Sempre estudando m\u00fasica, desenho e mantendo o uso, pr\u00e1tica e estudo na \u00e1rea de programa\u00e7\u00e3o\/desenvolvimento criei e atuei como programador, desenvolvendo v\u00e1rios aplicativos e utilit\u00e1rio para a plataforma microsoft, sendo mais popular e usada naquele tempo. Mas para meu uso e estudos sempre mantive a constru\u00e7\u00e3o e desenvolvimento em ambientes <strong>Linux<\/strong> e *<em>BSD<\/em>.*<\/p>\n\n\n\n<p>V\u00e1rias linguagens de programa\u00e7\u00e3o foram surgindo e ganhando forma, bem como aceita\u00e7\u00e3o e aplica\u00e7\u00e3o no mercado profissional e comercial.<\/p>\n\n\n\n<p>Hoje ainda tento dar algumas aulas e dividir o que estudei, vivi e aprendi.<\/p>\n\n\n\n<p>Tenho tamb\u00e9m alguns programas desenvolvidos em ambiente Linux, que publiquei de forma livre como colabora\u00e7\u00e3o com o projeto e filosofia <strong>GNU.<\/strong><\/p>\n\n\n\n<p>Sobre o projeto e filosofia <strong>GNU,<\/strong> recomendo uma leitura, o assistir aos v\u00eddeos e tirar suas pr\u00f3prias conclus\u00f5es.<\/p>\n\n\n\n<p>Para isso recomendo uma visita ao site oficial do projeto.<\/p>\n\n\n\n<p><a href=\"http:\/\/www.gnu.org\"><strong>Projeto GNU.<\/strong><\/a><\/p>\n\n\n\n<blockquote class=\"wp-block-quote is-layout-flow wp-block-quote-is-layout-flow\">\n<p>Aqui vemos um trabalho que iniciou ainda na d\u00e9cada de 80 \u00e9 depois de muitos anos ganhou forma e milhares de adeptos e colaboradores pelo mundo inteiro, apresentando tecnologias que hoje mant\u00e9m toda uma estrutura usada pela maior parte das grandes empresas em contexto mundial.<\/p>\n<\/blockquote>\n\n\n\n<p>Sobre meus projetos e colabora\u00e7\u00e3o cito alguns que vejo relevantes para aqueles que tem interesse em programa\u00e7\u00e3o e outros que procuram ferramentas para aux\u00edlio nas atividades de estudo e ensino.<\/p>\n\n\n\n<p><a href=\"https:\/\/codeberg.org\/Linux77\/zac-inst\"><strong>zac<\/strong><\/a><\/p>\n\n\n\n<blockquote class=\"wp-block-quote is-layout-flow wp-block-quote-is-layout-flow\">\n<p>Esse \u00e9 um aplicativo que atua como instrutor virtual din\u00e2mico, permitindo ao professor ou produtor de conte\u00fados de ensino personalizar e adequar os conte\u00fados a serem apresentados pelo aplicativo, um instrutor virtual com suporte a tts, v\u00eddeos e textos.<\/p>\n\n\n\n<p>O aplicativo foi desenvolvido em ambiente Debian\/GNU Linux, mas pode ser usado praticamente em qualquer sistema linux ou ainda compat\u00edvel com ambiente tipo <strong>UNIX<\/strong>, ou seja os sistemas de n\u00facleo Linux e BSD. em ambiente GNU.<\/p>\n\n\n\n<p>O aplicativo se encontra sob licen\u00e7a GPL3, sendo uma tentativa de colaborar com o projeto GNU.<\/p>\n<\/blockquote>\n\n\n\n<p>Tenho ainda uma colabora\u00e7\u00e3o para os programadores que iniciam ou j\u00e1 atuam com a linguagem <strong>python<\/strong> uma das quais sou entusiasta a n\u00edvel de estudo e ensino.<\/p>\n\n\n\n<p>Para aqueles que tem interesse e usam banco de dados locais e de pequeno porte desenvolvi uma bibliotecas para integra\u00e7\u00e3o de banco de dados e ambientes de interfaces <strong>CLI\/GUI.<\/strong> ou seja uma bibliotecas que manipula o banco de dados e tamb\u00e9m a constru\u00e7\u00e3o de di\u00e1logos para as atividades b\u00e1sica com o banco de dados atrav\u00e9s de objetos.<\/p>\n\n\n\n<p>Essa bibliotecas usa o formato de dados <strong>SQLite.<\/strong> para as interfaces <em>GUI<\/em>* utilizei o ambiente <strong>TK.<\/strong><\/p>\n\n\n\n<p>Ele pode ser instalada diretamente pelo ambiente python com o recurso da <strong>pip.<\/strong><\/p>\n\n\n\n<p>Para isso basta a instru\u00e7\u00e3o:<\/p>\n\n\n\n<p>pip install &#8211;user dStorage.<\/p>\n\n\n\n<p>Como a biblioteca \u00e9 uma colabora\u00e7\u00e3o oficial est\u00e1 dispon\u00edvel no pr\u00f3prio site das bibliotecas que comp\u00f5es e d\u00e3o suporte ao python. <a href=\"http:\/\/www.pypi.org\"><strong>pypi<\/strong><\/a><\/p>\n\n\n\n<p>O link para o projeto e a pr\u00f3pria biblioteca \u00e9 <a href=\"https:\/\/pypi.org\/project\/dStorage\/\"><strong>dStorage<\/strong><\/a><\/p>\n\n\n\n<p>Outros projetos meus muitos dentro da licen\u00e7a <strong>GPL3<\/strong> podem ser encontrados em meu repsit\u00f3rio no git.<\/p>\n\n\n\n<p><a href=\"https:\/\/codeberg.org\/Linux77\"><strong>Linux77<\/strong><\/a><\/p>\n\n\n\n<p>Um for ta abra\u00e7o pessoal, aqueles que tiverem interesse em conversar comigo, conhecer e (ou) participar de algum de meus estudos, cursos e projetos pode me encontrar em algumas redes livres pelos <a href=\"http:\/\/asl-sl.com.br\/Contatos-redes-sociais.md\" data-type=\"URL\" data-id=\"asl-sl.com.br\/Contatos-redes-sociais.md\">contatos<\/a><\/p>\n\n\n\n<p><\/p>\n","protected":false},"excerpt":{"rendered":"<p>Leonardo de Ara\u00fajo Lima(Linux77) Um estudante. Ol\u00e1 amigo(s), para aqueles que me conhecem e acompanham, sabem que tenho um jeito extrovertido e bem sincero, com &hellip;<\/p>\n","protected":false},"author":1,"featured_media":0,"parent":0,"menu_order":0,"comment_status":"closed","ping_status":"closed","template":"","meta":{"footnotes":""},"class_list":["post-69","page","type-page","status-publish","hentry"],"_links":{"self":[{"href":"https:\/\/magicbyte.tec.br\/index.php\/wp-json\/wp\/v2\/pages\/69","targetHints":{"allow":["GET"]}}],"collection":[{"href":"https:\/\/magicbyte.tec.br\/index.php\/wp-json\/wp\/v2\/pages"}],"about":[{"href":"https:\/\/magicbyte.tec.br\/index.php\/wp-json\/wp\/v2\/types\/page"}],"author":[{"embeddable":true,"href":"https:\/\/magicbyte.tec.br\/index.php\/wp-json\/wp\/v2\/users\/1"}],"replies":[{"embeddable":true,"href":"https:\/\/magicbyte.tec.br\/index.php\/wp-json\/wp\/v2\/comments?post=69"}],"version-history":[{"count":5,"href":"https:\/\/magicbyte.tec.br\/index.php\/wp-json\/wp\/v2\/pages\/69\/revisions"}],"predecessor-version":[{"id":119,"href":"https:\/\/magicbyte.tec.br\/index.php\/wp-json\/wp\/v2\/pages\/69\/revisions\/119"}],"wp:attachment":[{"href":"https:\/\/magicbyte.tec.br\/index.php\/wp-json\/wp\/v2\/media?parent=69"}],"curies":[{"name":"wp","href":"https:\/\/api.w.org\/{rel}","templated":true}]}}